{"id":8456,"date":"2019-02-20T09:08:52","date_gmt":"2019-02-20T08:08:52","guid":{"rendered":"https:\/\/bike-bus.com\/bike-bus-location-velos-dordogne-perigord\/"},"modified":"2023-10-02T10:38:45","modified_gmt":"2023-10-02T08:38:45","slug":"bike-bus-bike-renting-dordogne-perigord","status":"publish","type":"page","link":"https:\/\/bike-bus.com\/en\/bike-bus-bike-renting-dordogne-perigord\/","title":{"rendered":"Who are we?"},"content":{"rendered":"\n<style type=\"text\/css\" data-created_by=\"avia_inline_auto\" id=\"style-css-av-qet8u-57f4a24734e29f42555fe61bf618fc27\">\n.avia-section.av-qet8u-57f4a24734e29f42555fe61bf618fc27 .av-extra-border-element .av-extra-border-inner{\nbackground-color:#ffffff;\n}\n<\/style>\n<div id='av_section_1'  class='avia-section av-qet8u-57f4a24734e29f42555fe61bf618fc27 main_color avia-section-small avia-no-border-styling  avia-builder-el-0  el_before_av_layout_row  avia-builder-el-first  avia-bg-style-scroll av-arrow-down-section container_wrap fullsize'  ><div class='container av-section-cont-open' ><main  role=\"main\" itemprop=\"mainContentOfPage\"  class='template-page content  av-content-full alpha units'><div class='post-entry post-entry-type-page post-entry-8456'><div class='entry-content-wrapper clearfix'>\n\n<style type=\"text\/css\" data-created_by=\"avia_inline_auto\" id=\"style-css-av-h3bba-211770a529b18fb43a9c174f16b367d3\">\n#top .flex_column.av-h3bba-211770a529b18fb43a9c174f16b367d3{\nmargin-top:20px;\nmargin-bottom:0px;\n}\n.flex_column.av-h3bba-211770a529b18fb43a9c174f16b367d3{\nborder-radius:0px 0px 0px 0px;\npadding:0px 0px 0px 0px;\n}\n.responsive #top #wrap_all .flex_column.av-h3bba-211770a529b18fb43a9c174f16b367d3{\nmargin-top:20px;\nmargin-bottom:0px;\n}\n<\/style>\n<div  class='flex_column av-h3bba-211770a529b18fb43a9c174f16b367d3 av_one_full  avia-builder-el-1  el_before_av_two_fifth  avia-builder-el-first  first flex_column_div av-animated-generic fade-in av-zero-column-padding  '     ><p>\n<style type=\"text\/css\" data-created_by=\"avia_inline_auto\" id=\"style-css-av-25chww-6a1b7e4eb4ce12945109594a9fcb65d1\">\n#top .av-special-heading.av-25chww-6a1b7e4eb4ce12945109594a9fcb65d1{\nmargin:0 0 0 0;\npadding-bottom:0;\ncolor:#ef7c28;\nfont-size:50px;\n}\nbody .av-special-heading.av-25chww-6a1b7e4eb4ce12945109594a9fcb65d1 .av-special-heading-tag .heading-char{\nfont-size:25px;\n}\n#top #wrap_all .av-special-heading.av-25chww-6a1b7e4eb4ce12945109594a9fcb65d1 .av-special-heading-tag{\nfont-size:50px;\n}\n.av-special-heading.av-25chww-6a1b7e4eb4ce12945109594a9fcb65d1 .special-heading-inner-border{\nborder-color:#ef7c28;\n}\n.av-special-heading.av-25chww-6a1b7e4eb4ce12945109594a9fcb65d1 .av-subheading{\nfont-size:30px;\n}\n\n@media only screen and (min-width: 480px) and (max-width: 767px){ \n#top #wrap_all .av-special-heading.av-25chww-6a1b7e4eb4ce12945109594a9fcb65d1 .av-special-heading-tag{\nfont-size:0.8em;\n}\n}\n\n@media only screen and (max-width: 479px){ \n#top #wrap_all .av-special-heading.av-25chww-6a1b7e4eb4ce12945109594a9fcb65d1 .av-special-heading-tag{\nfont-size:0.8em;\n}\n}\n<\/style>\n<div  class='av-special-heading av-25chww-6a1b7e4eb4ce12945109594a9fcb65d1 av-special-heading-h3 custom-color-heading blockquote modern-quote  avia-builder-el-2  el_before_av_hr  avia-builder-el-first  av-inherit-size av-linked-heading'><h3 class='av-special-heading-tag '  itemprop=\"headline\"  >Bike Bus, la passion du v\u00e9lo en Dordogne<\/h3><div class=\"special-heading-border\"><div class=\"special-heading-inner-border\"><\/div><\/div><\/div><br \/>\n\n<style type=\"text\/css\" data-created_by=\"avia_inline_auto\" id=\"style-css-av-jp85zor4-421368e31f6291e98c4c93df94881515\">\n#top .hr.hr-invisible.av-jp85zor4-421368e31f6291e98c4c93df94881515{\nheight:15px;\n}\n<\/style>\n<div  class='hr av-jp85zor4-421368e31f6291e98c4c93df94881515 hr-invisible  avia-builder-el-3  el_after_av_heading  el_before_av_video '><span class='hr-inner '><span class=\"hr-inner-style\"><\/span><\/span><\/div><br \/>\n<div  class='avia-video av-lid96ahr-a4be98c6a8ae95cb7c5a664caa736ca5 avia-video-16-9 av-html5-fullscreen-btn av-no-preview-image avia-video-load-always av-lazyload-immediate av-lazyload-video-embed'  itemprop=\"video\" itemtype=\"https:\/\/schema.org\/VideoObject\"  data-original_url='https:\/\/youtu.be\/DJCc5vaFY0k'><script type='text\/html' class='av-video-tmpl'><div class='avia-iframe-wrap'><iframe loading=\"lazy\" title=\"Bike Bus - Location de v\u00e9lo Dordogne\" width=\"1500\" height=\"844\" src=\"https:\/\/www.youtube.com\/embed\/DJCc5vaFY0k?feature=oembed&autoplay=0&loop=0&controls=1&mute=0\" frameborder=\"0\" allow=\"accelerometer; autoplay; clipboard-write; encrypted-media; gyroscope; picture-in-picture; web-share\" allowfullscreen><\/iframe><\/div><\/script><div class='av-click-to-play-overlay'><div class=\"avia_playpause_icon\"><\/div><\/div><\/div><\/p><\/div>\n<style type=\"text\/css\" data-created_by=\"avia_inline_auto\" id=\"style-css-av-4886o0-3e5a2a7a8f5a4a7a823dbbdad5ba184a\">\n#top .flex_column.av-4886o0-3e5a2a7a8f5a4a7a823dbbdad5ba184a{\nmargin-top:0px;\nmargin-bottom:0px;\n}\n.flex_column.av-4886o0-3e5a2a7a8f5a4a7a823dbbdad5ba184a{\npadding:0 0 0 0;\n}\n.responsive #top #wrap_all .flex_column.av-4886o0-3e5a2a7a8f5a4a7a823dbbdad5ba184a{\nmargin-top:0px;\nmargin-bottom:0px;\n}\n<\/style>\n<div  class='flex_column av-4886o0-3e5a2a7a8f5a4a7a823dbbdad5ba184a av_two_fifth  avia-builder-el-5  el_after_av_one_full  el_before_av_three_fifth  first flex_column_div av-zero-column-padding  column-top-margin'     ><style type=\"text\/css\" data-created_by=\"avia_inline_auto\" id=\"style-css-av-jgfdunv8-ab5d048ff44a3904f296431995dd19cc\">\n#top .av_textblock_section.av-jgfdunv8-ab5d048ff44a3904f296431995dd19cc .avia_textblock{\nfont-size:21px;\n}\n<\/style>\n<section  class='av_textblock_section av-jgfdunv8-ab5d048ff44a3904f296431995dd19cc '   itemscope=\"itemscope\" itemtype=\"https:\/\/schema.org\/CreativeWork\" ><div class='avia_textblock'  itemprop=\"text\" ><p>C\u2019est apr\u00e8s avoir \u00e9t\u00e9 \u00e0 l\u2019Universit\u00e9 de Sheffield en Angleterre que, sortant ing\u00e9nieur dipl\u00f4m\u00e9, j\u2019ai fait un court trajet de 5 ans dans des compagnies de process m\u00e9tallurgique, c\u00e9ramique, plastique et automobile avant de tout l\u00e2cher pour une vie en France.\u2028 J\u2019ai donc travaill\u00e9 pendant 6 mois pour une agence de voyage bas\u00e9e \u00e0 Souillac dans le Lot, puis 6 mois dans 6 autres r\u00e9gions en France et en Italie, \u00e9t\u00e9 comme hiver, chaque saison emmenant des adeptes du sport.<\/p>\n<p>Finalement, d\u00e9sirant ne plus voyager, j\u2019ai opt\u00e9 en 2001 pour une vie plus saine en Dordogne. Il \u00e9tait de loin ma r\u00e9gion favoris parmi tous ceux o\u00f9 j&#8217;ai travaill\u00e9, au niveau de la m\u00e9t\u00e9o, de ses paysages et d\u00e9nivel\u00e9s, de sa gastronomie, et sa culture.<\/p>\n<p>Mes moyens financiers \u00e9tant tr\u00e8s lite, j&#8217;avais opt\u00e9 d&#8217;acheter simplement 10 VTT avec ma carte bleue pour les louer depuis un champ pr\u00e8s de Castelnaud.<br \/>\nLieu magnifique et l\u2019un des Plus Beaux Villages de France, Castelnaud est la porte d\u2019entr\u00e9e de la Vall\u00e9e du C\u00e9ou, vall\u00e9e \u00e0 la fois magnifique et tranquille, sa rivi\u00e8re est propre et fra\u00eeche (confluence avec La Dordogne \u00e0 Castelnaud), et ses coteaux bois\u00e9s.<\/p>\n<\/div><\/section><\/div>\n<style type=\"text\/css\" data-created_by=\"avia_inline_auto\" id=\"style-css-av-2r6ods-6c3ce7d39706414cf149a32e0c99fa78\">\n#top .flex_column.av-2r6ods-6c3ce7d39706414cf149a32e0c99fa78{\nmargin-top:0px;\nmargin-bottom:0px;\n}\n.responsive #top #wrap_all .flex_column.av-2r6ods-6c3ce7d39706414cf149a32e0c99fa78{\nmargin-top:0px;\nmargin-bottom:0px;\n}\n<\/style>\n<div  class='flex_column av-2r6ods-6c3ce7d39706414cf149a32e0c99fa78 av_three_fifth  avia-builder-el-7  el_after_av_two_fifth  avia-builder-el-last  flex_column_div  column-top-margin'     ><style type=\"text\/css\" data-created_by=\"avia_inline_auto\" id=\"style-css-av-liem32wu-512310feed7fde0db2969ce8088a0b63\">\n#top .av_textblock_section.av-liem32wu-512310feed7fde0db2969ce8088a0b63 .avia_textblock{\nfont-size:21px;\n}\n<\/style>\n<section  class='av_textblock_section av-liem32wu-512310feed7fde0db2969ce8088a0b63 '   itemscope=\"itemscope\" itemtype=\"https:\/\/schema.org\/CreativeWork\" ><div class='avia_textblock'  itemprop=\"text\" ><p><strong><img loading=\"lazy\" decoding=\"async\" class=\"alignright size-medium wp-image-7966\" src=\"https:\/\/bike-bus.com\/wp-content\/uploads\/2023\/06\/joel-caine-bike-bus-233x300.jpg\" alt=\"Jo\u00ebl Caine - Bike Bus\" width=\"233\" height=\"300\" srcset=\"https:\/\/bike-bus.com\/wp-content\/uploads\/2023\/06\/joel-caine-bike-bus-233x300.jpg 233w, https:\/\/bike-bus.com\/wp-content\/uploads\/2023\/06\/joel-caine-bike-bus.jpg 381w\" sizes=\"auto, (max-width: 233px) 100vw, 233px\" \/><\/strong>La Dordogne (lieu de naissance de ma m\u00e8re et maintenant de ma fille) m\u2019a appel\u00e9 et la Vall\u00e9e du C\u00e9ou m\u2019a accueilli gracieusement. \u2028Je suis maintenant \u00a0bien connu dans la vall\u00e9e de la Dordogne, Vezere et bien s\u00fbr le C\u00e9ou.<\/p>\n<p>Je suis passionn\u00e9 par l\u2019\u00e9vasion \u00e0 v\u00e9lo, \u00e9tant cycliste longue distance depuis longtemps. \u00c0 quinze ans, j\u2019ai travers\u00e9 la France seul entre la Loire et les Alpes, les Pyr\u00e9n\u00e9es et la Bretagne.<\/p>\n<p>\u00c0 v\u00e9lo, on se propulse par nos propres moyens, \u00e0 une vitesse humaine o\u00f9 on a le temps d\u2019absorber nos alentours et les moments insolites &#8211; la couleur du ciel, des oiseaux qui chantent, le cri d\u2019un renard dans la for\u00eat, un conversation avec un randonneur, ou un virage bien rond\u2026<\/p>\n<p>On atteint une distance humaine afin de voir assez de choses sans oublier le principal :\u00a0<strong>&lt;&lt;\u00a0Une journ\u00e9e \u00e0 v\u00e9lo, est une journ\u00e9e bien remplie&gt;&gt;<\/strong><\/p>\n<p>J\u2019ai h\u00e2te de retrouver mes cartes pour un autre trajet diagonale de la France, mais entretemps, je me contente de traverser la Dordogne \u00e0 v\u00e9lo, seul ou en famille, confirmant que notre r\u00e9gion est belle, vari\u00e9e et g\u00e2t\u00e9e en ch\u00e2teaux, grottes, traditions et qu\u2019on peut facilement s\u2019abandonner aux richesses de cette r\u00e9gion.<\/p>\n<p style=\"text-align: right;\"><em>Jo\u00ebl Caine &#8211; Exploitant Bike Bus<br \/>\n<\/em><\/p>\n<\/div><\/section><\/div><\/div><\/div><\/main><!-- close content main element --><\/div><div class='av-extra-border-element border-extra-arrow-down'><div class='av-extra-border-outer'><div class='av-extra-border-inner'><\/div><\/div><\/div><\/div><div id='av-layout-grid-1'  class='av-layout-grid-container av-jsczcxda-f65cd6f1ed6c79bfe118dabb169235d9 entry-content-wrapper main_color av-flex-cells  avia-builder-el-9  el_after_av_section  avia-builder-el-last  grid-row-not-first  container_wrap fullsize'  >\n\n<style type=\"text\/css\" data-created_by=\"avia_inline_auto\" id=\"style-css-av-js4lr20n-c00ef01967dad44de20d3d25cd8b725e\">\n.flex_cell.av-js4lr20n-c00ef01967dad44de20d3d25cd8b725e{\nvertical-align:top;\nbackground-color:#f8ea23;\n}\n.responsive #top #wrap_all .flex_cell.av-js4lr20n-c00ef01967dad44de20d3d25cd8b725e{\npadding:5px 5px 5px 5px !important;\n}\n<\/style>\n<div class='flex_cell av-js4lr20n-c00ef01967dad44de20d3d25cd8b725e av-gridrow-cell av_one_fourth no_margin  avia-builder-el-10  el_before_av_cell_one_fourth  avia-builder-el-first  content-align-top'  ><div class='flex_cell_inner'><\/div><\/div>\n<style type=\"text\/css\" data-created_by=\"avia_inline_auto\" id=\"style-css-av-js4lrrk1-afb002c10fa076bfc681e77ad3bc6abc\">\n.flex_cell.av-js4lrrk1-afb002c10fa076bfc681e77ad3bc6abc{\nvertical-align:top;\nbackground-color:#f8ea23;\n}\n.responsive #top #wrap_all .flex_cell.av-js4lrrk1-afb002c10fa076bfc681e77ad3bc6abc{\npadding:5px 5px 5px 5px !important;\n}\n<\/style>\n<div class='flex_cell av-js4lrrk1-afb002c10fa076bfc681e77ad3bc6abc av-gridrow-cell av_one_fourth no_margin  avia-builder-el-11  el_after_av_cell_one_fourth  el_before_av_cell_one_fourth  content-align-top'  ><div class='flex_cell_inner'><\/div><\/div>\n<style type=\"text\/css\" data-created_by=\"avia_inline_auto\" id=\"style-css-av-js4ls5be-7cba1b9283d3c23349abd806793962a1\">\n.flex_cell.av-js4ls5be-7cba1b9283d3c23349abd806793962a1{\nvertical-align:top;\nbackground-color:#f8ea23;\n}\n.responsive #top #wrap_all .flex_cell.av-js4ls5be-7cba1b9283d3c23349abd806793962a1{\npadding:5px 5px 5px 5px !important;\n}\n<\/style>\n<div class='flex_cell av-js4ls5be-7cba1b9283d3c23349abd806793962a1 av-gridrow-cell av_one_fourth no_margin  avia-builder-el-12  el_after_av_cell_one_fourth  el_before_av_cell_one_fourth  content-align-top'  ><div class='flex_cell_inner'><\/div><\/div>\n<style type=\"text\/css\" data-created_by=\"avia_inline_auto\" id=\"style-css-av-js4lsm34-3be79cf55a5024edab0a161ecbc7ebda\">\n.flex_cell.av-js4lsm34-3be79cf55a5024edab0a161ecbc7ebda{\nvertical-align:top;\nbackground-color:#f8ea23;\n}\n.responsive #top #wrap_all .flex_cell.av-js4lsm34-3be79cf55a5024edab0a161ecbc7ebda{\npadding:5px 5px 5px 5px !important;\n}\n<\/style>\n<div class='flex_cell av-js4lsm34-3be79cf55a5024edab0a161ecbc7ebda av-gridrow-cell av_one_fourth no_margin  avia-builder-el-13  el_after_av_cell_one_fourth  avia-builder-el-last  content-align-top'  ><div class='flex_cell_inner'><\/div><\/div>\n<\/div><\/p>\n","protected":false},"excerpt":{"rendered":"","protected":false},"author":2,"featured_media":0,"parent":0,"menu_order":0,"comment_status":"closed","ping_status":"closed","template":"","meta":{"footnotes":""},"class_list":["post-8456","page","type-page","status-publish","hentry"],"yoast_head":"<!-- This site is optimized with the Yoast SEO plugin v27.3 - https:\/\/yoast.com\/product\/yoast-seo-wordpress\/ -->\n<title>Who are we? - Bike Bus<\/title>\n<meta name=\"robots\" content=\"index, follow, max-snippet:-1, max-image-preview:large, max-video-preview:-1\" \/>\n<link rel=\"canonical\" href=\"https:\/\/bike-bus.com\/en\/bike-bus-bike-renting-dordogne-perigord\/\" \/>\n<meta property=\"og:locale\" content=\"en_US\" \/>\n<meta property=\"og:type\" content=\"article\" \/>\n<meta property=\"og:title\" content=\"Who are we? - Bike Bus\" \/>\n<meta property=\"og:url\" content=\"https:\/\/bike-bus.com\/en\/bike-bus-bike-renting-dordogne-perigord\/\" \/>\n<meta property=\"og:site_name\" content=\"Bike Bus\" \/>\n<meta property=\"article:modified_time\" content=\"2023-10-02T08:38:45+00:00\" \/>\n<meta property=\"og:image\" content=\"https:\/\/bike-bus.com\/wp-content\/uploads\/2023\/06\/joel-caine-bike-bus-233x300.jpg\" \/>\n<meta name=\"twitter:card\" content=\"summary_large_image\" \/>\n<meta name=\"twitter:label1\" content=\"Est. reading time\" \/>\n\t<meta name=\"twitter:data1\" content=\"6 minutes\" \/>\n<script type=\"application\/ld+json\" class=\"yoast-schema-graph\">{\"@context\":\"https:\\\/\\\/schema.org\",\"@graph\":[{\"@type\":\"WebPage\",\"@id\":\"https:\\\/\\\/bike-bus.com\\\/en\\\/bike-bus-bike-renting-dordogne-perigord\\\/\",\"url\":\"https:\\\/\\\/bike-bus.com\\\/en\\\/bike-bus-bike-renting-dordogne-perigord\\\/\",\"name\":\"Who are we? - Bike Bus\",\"isPartOf\":{\"@id\":\"https:\\\/\\\/bike-bus.com\\\/#website\"},\"primaryImageOfPage\":{\"@id\":\"https:\\\/\\\/bike-bus.com\\\/en\\\/bike-bus-bike-renting-dordogne-perigord\\\/#primaryimage\"},\"image\":{\"@id\":\"https:\\\/\\\/bike-bus.com\\\/en\\\/bike-bus-bike-renting-dordogne-perigord\\\/#primaryimage\"},\"thumbnailUrl\":\"https:\\\/\\\/bike-bus.com\\\/wp-content\\\/uploads\\\/2023\\\/06\\\/joel-caine-bike-bus-233x300.jpg\",\"datePublished\":\"2019-02-20T08:08:52+00:00\",\"dateModified\":\"2023-10-02T08:38:45+00:00\",\"breadcrumb\":{\"@id\":\"https:\\\/\\\/bike-bus.com\\\/en\\\/bike-bus-bike-renting-dordogne-perigord\\\/#breadcrumb\"},\"inLanguage\":\"en-US\",\"potentialAction\":[{\"@type\":\"ReadAction\",\"target\":[\"https:\\\/\\\/bike-bus.com\\\/en\\\/bike-bus-bike-renting-dordogne-perigord\\\/\"]}]},{\"@type\":\"ImageObject\",\"inLanguage\":\"en-US\",\"@id\":\"https:\\\/\\\/bike-bus.com\\\/en\\\/bike-bus-bike-renting-dordogne-perigord\\\/#primaryimage\",\"url\":\"https:\\\/\\\/bike-bus.com\\\/wp-content\\\/uploads\\\/2023\\\/06\\\/joel-caine-bike-bus-233x300.jpg\",\"contentUrl\":\"https:\\\/\\\/bike-bus.com\\\/wp-content\\\/uploads\\\/2023\\\/06\\\/joel-caine-bike-bus-233x300.jpg\"},{\"@type\":\"BreadcrumbList\",\"@id\":\"https:\\\/\\\/bike-bus.com\\\/en\\\/bike-bus-bike-renting-dordogne-perigord\\\/#breadcrumb\",\"itemListElement\":[{\"@type\":\"ListItem\",\"position\":1,\"name\":\"Accueil\",\"item\":\"https:\\\/\\\/bike-bus.com\\\/en\\\/home\\\/\"},{\"@type\":\"ListItem\",\"position\":2,\"name\":\"Who are we?\"}]},{\"@type\":\"WebSite\",\"@id\":\"https:\\\/\\\/bike-bus.com\\\/#website\",\"url\":\"https:\\\/\\\/bike-bus.com\\\/\",\"name\":\"Bike Bus\",\"description\":\"Location de v\u00e9los \u00e0 Sarlat - Dordogne P\u00e9rigord\",\"potentialAction\":[{\"@type\":\"SearchAction\",\"target\":{\"@type\":\"EntryPoint\",\"urlTemplate\":\"https:\\\/\\\/bike-bus.com\\\/?s={search_term_string}\"},\"query-input\":{\"@type\":\"PropertyValueSpecification\",\"valueRequired\":true,\"valueName\":\"search_term_string\"}}],\"inLanguage\":\"en-US\"}]}<\/script>\n<!-- \/ Yoast SEO plugin. -->","yoast_head_json":{"title":"Who are we? - Bike Bus","robots":{"index":"index","follow":"follow","max-snippet":"max-snippet:-1","max-image-preview":"max-image-preview:large","max-video-preview":"max-video-preview:-1"},"canonical":"https:\/\/bike-bus.com\/en\/bike-bus-bike-renting-dordogne-perigord\/","og_locale":"en_US","og_type":"article","og_title":"Who are we? - Bike Bus","og_url":"https:\/\/bike-bus.com\/en\/bike-bus-bike-renting-dordogne-perigord\/","og_site_name":"Bike Bus","article_modified_time":"2023-10-02T08:38:45+00:00","og_image":[{"url":"https:\/\/bike-bus.com\/wp-content\/uploads\/2023\/06\/joel-caine-bike-bus-233x300.jpg","type":"","width":"","height":""}],"twitter_card":"summary_large_image","twitter_misc":{"Est. reading time":"6 minutes"},"schema":{"@context":"https:\/\/schema.org","@graph":[{"@type":"WebPage","@id":"https:\/\/bike-bus.com\/en\/bike-bus-bike-renting-dordogne-perigord\/","url":"https:\/\/bike-bus.com\/en\/bike-bus-bike-renting-dordogne-perigord\/","name":"Who are we? - Bike Bus","isPartOf":{"@id":"https:\/\/bike-bus.com\/#website"},"primaryImageOfPage":{"@id":"https:\/\/bike-bus.com\/en\/bike-bus-bike-renting-dordogne-perigord\/#primaryimage"},"image":{"@id":"https:\/\/bike-bus.com\/en\/bike-bus-bike-renting-dordogne-perigord\/#primaryimage"},"thumbnailUrl":"https:\/\/bike-bus.com\/wp-content\/uploads\/2023\/06\/joel-caine-bike-bus-233x300.jpg","datePublished":"2019-02-20T08:08:52+00:00","dateModified":"2023-10-02T08:38:45+00:00","breadcrumb":{"@id":"https:\/\/bike-bus.com\/en\/bike-bus-bike-renting-dordogne-perigord\/#breadcrumb"},"inLanguage":"en-US","potentialAction":[{"@type":"ReadAction","target":["https:\/\/bike-bus.com\/en\/bike-bus-bike-renting-dordogne-perigord\/"]}]},{"@type":"ImageObject","inLanguage":"en-US","@id":"https:\/\/bike-bus.com\/en\/bike-bus-bike-renting-dordogne-perigord\/#primaryimage","url":"https:\/\/bike-bus.com\/wp-content\/uploads\/2023\/06\/joel-caine-bike-bus-233x300.jpg","contentUrl":"https:\/\/bike-bus.com\/wp-content\/uploads\/2023\/06\/joel-caine-bike-bus-233x300.jpg"},{"@type":"BreadcrumbList","@id":"https:\/\/bike-bus.com\/en\/bike-bus-bike-renting-dordogne-perigord\/#breadcrumb","itemListElement":[{"@type":"ListItem","position":1,"name":"Accueil","item":"https:\/\/bike-bus.com\/en\/home\/"},{"@type":"ListItem","position":2,"name":"Who are we?"}]},{"@type":"WebSite","@id":"https:\/\/bike-bus.com\/#website","url":"https:\/\/bike-bus.com\/","name":"Bike Bus","description":"Location de v\u00e9los \u00e0 Sarlat - Dordogne P\u00e9rigord","potentialAction":[{"@type":"SearchAction","target":{"@type":"EntryPoint","urlTemplate":"https:\/\/bike-bus.com\/?s={search_term_string}"},"query-input":{"@type":"PropertyValueSpecification","valueRequired":true,"valueName":"search_term_string"}}],"inLanguage":"en-US"}]}},"_links":{"self":[{"href":"https:\/\/bike-bus.com\/en\/wp-json\/wp\/v2\/pages\/8456","targetHints":{"allow":["GET"]}}],"collection":[{"href":"https:\/\/bike-bus.com\/en\/wp-json\/wp\/v2\/pages"}],"about":[{"href":"https:\/\/bike-bus.com\/en\/wp-json\/wp\/v2\/types\/page"}],"author":[{"embeddable":true,"href":"https:\/\/bike-bus.com\/en\/wp-json\/wp\/v2\/users\/2"}],"replies":[{"embeddable":true,"href":"https:\/\/bike-bus.com\/en\/wp-json\/wp\/v2\/comments?post=8456"}],"version-history":[{"count":0,"href":"https:\/\/bike-bus.com\/en\/wp-json\/wp\/v2\/pages\/8456\/revisions"}],"wp:attachment":[{"href":"https:\/\/bike-bus.com\/en\/wp-json\/wp\/v2\/media?parent=8456"}],"curies":[{"name":"wp","href":"https:\/\/api.w.org\/{rel}","templated":true}]}}