{"id":8538,"date":"2019-02-20T09:32:41","date_gmt":"2019-02-20T08:32:41","guid":{"rendered":"https:\/\/bike-bus.com\/mentions-legales\/"},"modified":"2023-10-17T15:41:53","modified_gmt":"2023-10-17T13:41:53","slug":"mentions-legales","status":"publish","type":"page","link":"https:\/\/bike-bus.com\/en\/mentions-legales\/","title":{"rendered":"Mentions l\u00e9gales et politique de confidentialit\u00e9"},"content":{"rendered":"\n<style type=\"text\/css\" data-created_by=\"avia_inline_auto\" id=\"style-css-av-qet8u-0ee500e079e26fe9dcde84360023a0e6\">\n.avia-section.av-qet8u-0ee500e079e26fe9dcde84360023a0e6 .av-extra-border-element .av-extra-border-inner{\nbackground-color:#ffffff;\n}\n<\/style>\n<div id='av_section_1'  class='avia-section av-qet8u-0ee500e079e26fe9dcde84360023a0e6 main_color avia-section-default avia-no-border-styling  avia-builder-el-0  avia-builder-el-no-sibling  avia-bg-style-scroll av-arrow-down-section container_wrap fullsize'  ><div class='container av-section-cont-open' ><main  role=\"main\" itemprop=\"mainContentOfPage\"  class='template-page content  av-content-full alpha units'><div class='post-entry post-entry-type-page post-entry-8538'><div class='entry-content-wrapper clearfix'>\n\n<style type=\"text\/css\" data-created_by=\"avia_inline_auto\" id=\"style-css-av-liizkc8u-8302d5e4e33fe4cf6a71d207563995de\">\n#top .av-special-heading.av-liizkc8u-8302d5e4e33fe4cf6a71d207563995de{\npadding-bottom:10px;\ncolor:#ef7c28;\nfont-size:28px;\n}\nbody .av-special-heading.av-liizkc8u-8302d5e4e33fe4cf6a71d207563995de .av-special-heading-tag .heading-char{\nfont-size:25px;\n}\n#top #wrap_all .av-special-heading.av-liizkc8u-8302d5e4e33fe4cf6a71d207563995de .av-special-heading-tag{\nfont-size:28px;\n}\n.av-special-heading.av-liizkc8u-8302d5e4e33fe4cf6a71d207563995de .special-heading-inner-border{\nborder-color:#ef7c28;\n}\n.av-special-heading.av-liizkc8u-8302d5e4e33fe4cf6a71d207563995de .av-subheading{\nfont-size:15px;\n}\n\n@media only screen and (min-width: 480px) and (max-width: 767px){ \n#top #wrap_all .av-special-heading.av-liizkc8u-8302d5e4e33fe4cf6a71d207563995de .av-special-heading-tag{\nfont-size:0.8em;\n}\n}\n\n@media only screen and (max-width: 479px){ \n#top #wrap_all .av-special-heading.av-liizkc8u-8302d5e4e33fe4cf6a71d207563995de .av-special-heading-tag{\nfont-size:0.8em;\n}\n}\n<\/style>\n<div  class='av-special-heading av-liizkc8u-8302d5e4e33fe4cf6a71d207563995de av-special-heading-h2 custom-color-heading blockquote modern-quote  avia-builder-el-1  el_before_av_one_full  avia-builder-el-first  av-inherit-size'><h2 class='av-special-heading-tag '  itemprop=\"headline\"  >Mentions l\u00e9gales et politique de confidentialit\u00e9<\/h2><div class=\"special-heading-border\"><div class=\"special-heading-inner-border\"><\/div><\/div><\/div>\n<div class='flex_column_table av-h3bba-2cdbb014ef773a5e9f49c845ac611c53 sc-av_one_full av-equal-height-column-flextable'>\n<style type=\"text\/css\" data-created_by=\"avia_inline_auto\" id=\"style-css-av-h3bba-2cdbb014ef773a5e9f49c845ac611c53\">\n#top .flex_column_table.av-equal-height-column-flextable.av-h3bba-2cdbb014ef773a5e9f49c845ac611c53{\nmargin-top:0px;\nmargin-bottom:0px;\n}\n.flex_column.av-h3bba-2cdbb014ef773a5e9f49c845ac611c53{\nborder-radius:0px 0px 0px 0px;\npadding:0px 0px 0px 0px;\n}\n<\/style>\n<div  class='flex_column av-h3bba-2cdbb014ef773a5e9f49c845ac611c53 av_one_full  avia-builder-el-2  el_after_av_heading  avia-builder-el-last  first flex_column_table_cell av-equal-height-column av-align-top av-animated-generic fade-in av-zero-column-padding  '     ><style type=\"text\/css\" data-created_by=\"avia_inline_auto\" id=\"style-css-av-jgfdunv8-ab5d048ff44a3904f296431995dd19cc\">\n#top .av_textblock_section.av-jgfdunv8-ab5d048ff44a3904f296431995dd19cc .avia_textblock{\nfont-size:21px;\n}\n<\/style>\n<section  class='av_textblock_section av-jgfdunv8-ab5d048ff44a3904f296431995dd19cc '   itemscope=\"itemscope\" itemtype=\"https:\/\/schema.org\/CreativeWork\" ><div class='avia_textblock'  itemprop=\"text\" ><p><strong>Editeur du site internet : BIKE BUS<\/strong><br \/>\nAffaire personnelle commer\u00e7ant enregistr\u00e9e \u00e0 l&#8217;Insee le 06\/04\/2002<br \/>\nSiret : 44117186500054 &#8211; APE : 7721Z &#8211; RCS : Bergerac A 441 171 865<br \/>\nAdresse : La Voie Verte &#8211; 24250 Castelnaud-la-Chapelle &#8211; T\u00e9l\u00e9phone : 05 53 31 10 61<br \/>\nEmail : <a href=\"mailto:bikebus@icloud.com\">bikebus@icloud.com<\/a> &#8211; Web : <a href=\"https:\/\/bike-bus.com\/en\/\">https:\/\/bike-bus.com<\/a><\/p>\n<p><strong>Responsable de la publication : Jo\u00ebl CAINE<\/strong><\/p>\n<p><strong>R\u00e9alisation et h\u00e9bergement du site internet : INTERNET DORDOGNE<\/strong><br \/>\nAdresse : 22 rue du Coteau &#8211; 24000 P\u00e9rigueux &#8211; T\u00e9l\u00e9phone : 07 69 42 48 45<br \/>\nEmail : <a href=\"mailto:contact@internet-dordogne.com\">contact@internet-dordogne.com<\/a> &#8211; Web : <a href=\"https:\/\/internet-dordogne.com\">https:\/\/internet-dordogne.com<\/a><\/p>\n<p><strong>Charte graphique et plans : GRAPHX &#8211; Ghislaine CECCHELANI<\/strong><br \/>\nAdresse : 79 impasse de la Boissi\u00e8re &#8211; 24150 Lalinde &#8211; T\u00e9l\u00e9phone : 06 50 51 72 02<br \/>\nEmail : <a href=\"mailto:info@graphx24.com\">info@graphx24.com<\/a> &#8211; Web : <a href=\"https:\/\/graphx24.com\">https:\/\/graphx24.com<\/a><\/p>\n<p><strong>\u00a9 Photos :\u2028 Joel CAINE\/BIKE BUS et Pixabay<\/strong><\/p>\n<p><strong>Politique de confidentialit\u00e9<\/strong><br \/>\nBike Bus recueille sur ce site des donn\u00e9es personnelles d\u2019internautes l&#8217;ayant contact\u00e9, via notamment le formulaire. Dans le cadre des dispositions du R\u00e8glement G\u00e9n\u00e9ral sur la Protection des Donn\u00e9es (RGPD), Bike Bus ne traite que les donn\u00e9es personnelles suivantes : nom et coordonn\u00e9es fournis par l&#8217;internaute. La finalit\u00e9 de traitement de ces donn\u00e9es personnelles est de permettre \u00e0 Bike Bus de r\u00e9pondre aux demandes des internautes.<br \/>\nLes donn\u00e9es personnelles collect\u00e9es sur ce site ne sont trait\u00e9es que par les membres de Bike Bus. Elles ne seront vendues, \u00e9chang\u00e9es ou c\u00e9d\u00e9es \u00e0 aucune autre entreprise ou entit\u00e9 ext\u00e9rieure. Bike Bus garantit la confidentialit\u00e9 des donn\u00e9es personnelles trait\u00e9es.<br \/>\nLes donn\u00e9es personnelles sont stock\u00e9es en grande majorit\u00e9 sur des serveurs d\u2019h\u00e9bergement situ\u00e9s dans l\u2019Union Europ\u00e9enne.<br \/>\nConform\u00e9ment aux r\u00e8gles de la Commission Nationale de l&#8217;Informatique et des Libert\u00e9s (CNIL), Bike Bus s\u2019engage \u00e0 conserver ces donn\u00e9es personnelles, sauf obligation l\u00e9gale ou r\u00e9glementaire contraire, pour une dur\u00e9e maximale de trois ans \u00e0 compter du dernier contact avec l\u2019internaute.<br \/>\nA l\u2019issue de cette dur\u00e9e ou en cas d\u2019exercice de leurs droits par les internautes, Bike Bus s\u2019engage \u00e0 d\u00e9truire les donn\u00e9es personnelles des internautes qu\u2019elle d\u00e9tiendrait.<br \/>\nBike Bus s\u2019engage, au titre de son obligation de moyens, \u00e0 prendre toutes les pr\u00e9cautions utiles et \u00e0 mettre en \u0153uvre les mesures techniques et organisationnelles appropri\u00e9es pour garantir un niveau de s\u00e9curit\u00e9 adapt\u00e9 pour prot\u00e9ger les donn\u00e9es personnelles des internautes.<\/p>\n<p><strong>Suppression ou modification des donn\u00e9es personnelles<\/strong><br \/>\nLes internautes ont la possibilit\u00e9 d\u2019exercer leurs droits d\u2019acc\u00e8s, de rectification, d\u2019effacement, d\u2019opposition, de limitation du traitement, de portabilit\u00e9 de leurs donn\u00e9es personnelles, droit de ne pas faire l\u2019objet d\u2019une d\u00e9cision individuelle automatis\u00e9e et droit de r\u00e9vocation de leur consentement, concernant les donn\u00e9es personnelles qu\u2019ils fournissent.<br \/>\nPour exercer l\u2019un de ces droits, il convient d\u2019adresser une demande par email \u00e0 <a href=\"mailto:bikebus@icloud.com\">bikebus@icloud.com<\/a>.<\/p>\n<p><strong>Cookies (traceurs)<\/strong><br \/>\nLa navigation sur ce site internet est susceptible d\u2019entrainer l\u2019installation de cookies sur l\u2019ordinateur de l\u2019utilisateur.<br \/>\nLes donn\u00e9es obtenues par le biais de ces cookies visent notamment \u00e0 faciliter la navigation sur ce site.<br \/>\nL\u2019utilisateur du site a la possibilit\u00e9 de d\u00e9sactiver les cookies en se rendant dans les options de son navigateur web.<\/p>\n<p><strong>Statistiques<\/strong><br \/>\nBike Bus utilise l&#8217;outil statistique de fr\u00e9quentation Google Analytics qui installe des cookies pour collecter des donn\u00e9es. Afin de se conformer \u00e0 la nouvelle r\u00e9glementation, Google a inclus une modification au traitement des donn\u00e9es que les internautes peuvent consulter sur son site. Bike Bus s\u2019engage \u00e0 traiter anonymement les donn\u00e9es collect\u00e9es et \u00e0 d\u00e9sactiver le partage de donn\u00e9es.<\/p>\n<p><strong>Responsabilit\u00e9<\/strong><br \/>\nBike Bus d\u00e9cline toute responsabilit\u00e9 quant aux \u00e9ventuels dysfonctionnements pouvant survenir sur ce site et entra\u00eener une perte de donn\u00e9es ou une indisponibilit\u00e9 de l\u2019acc\u00e8s aux informations produites sur celui-ci. L\u2019internaute est seul responsable de l\u2019utilisation qu\u2019il fait du contenu de ce site.<\/p>\n<\/div><\/section><\/div><\/div><!--close column table wrapper. Autoclose: 1 -->\n","protected":false},"excerpt":{"rendered":"","protected":false},"author":2,"featured_media":0,"parent":0,"menu_order":0,"comment_status":"closed","ping_status":"closed","template":"","meta":{"footnotes":""},"class_list":["post-8538","page","type-page","status-publish","hentry"],"yoast_head":"<!-- This site is optimized with the Yoast SEO plugin v27.4 - https:\/\/yoast.com\/product\/yoast-seo-wordpress\/ -->\n<title>Mentions l\u00e9gales et politique de confidentialit\u00e9 - Bike Bus<\/title>\n<meta name=\"robots\" content=\"index, follow, max-snippet:-1, max-image-preview:large, max-video-preview:-1\" \/>\n<link rel=\"canonical\" href=\"https:\/\/bike-bus.com\/en\/mentions-legales\/\" \/>\n<meta property=\"og:locale\" content=\"en_US\" \/>\n<meta property=\"og:type\" content=\"article\" \/>\n<meta property=\"og:title\" content=\"Mentions l\u00e9gales et politique de confidentialit\u00e9 - Bike Bus\" \/>\n<meta property=\"og:url\" content=\"https:\/\/bike-bus.com\/en\/mentions-legales\/\" \/>\n<meta property=\"og:site_name\" content=\"Bike Bus\" \/>\n<meta property=\"article:modified_time\" content=\"2023-10-17T13:41:53+00:00\" \/>\n<meta name=\"twitter:card\" content=\"summary_large_image\" \/>\n<meta name=\"twitter:label1\" content=\"Est. reading time\" \/>\n\t<meta name=\"twitter:data1\" content=\"5 minutes\" \/>\n<script type=\"application\/ld+json\" class=\"yoast-schema-graph\">{\"@context\":\"https:\\\/\\\/schema.org\",\"@graph\":[{\"@type\":\"WebPage\",\"@id\":\"https:\\\/\\\/bike-bus.com\\\/en\\\/mentions-legales\\\/\",\"url\":\"https:\\\/\\\/bike-bus.com\\\/en\\\/mentions-legales\\\/\",\"name\":\"Mentions l\u00e9gales et politique de confidentialit\u00e9 - Bike Bus\",\"isPartOf\":{\"@id\":\"https:\\\/\\\/bike-bus.com\\\/#website\"},\"datePublished\":\"2019-02-20T08:32:41+00:00\",\"dateModified\":\"2023-10-17T13:41:53+00:00\",\"breadcrumb\":{\"@id\":\"https:\\\/\\\/bike-bus.com\\\/en\\\/mentions-legales\\\/#breadcrumb\"},\"inLanguage\":\"en-US\",\"potentialAction\":[{\"@type\":\"ReadAction\",\"target\":[\"https:\\\/\\\/bike-bus.com\\\/en\\\/mentions-legales\\\/\"]}]},{\"@type\":\"BreadcrumbList\",\"@id\":\"https:\\\/\\\/bike-bus.com\\\/en\\\/mentions-legales\\\/#breadcrumb\",\"itemListElement\":[{\"@type\":\"ListItem\",\"position\":1,\"name\":\"Accueil\",\"item\":\"https:\\\/\\\/bike-bus.com\\\/en\\\/home\\\/\"},{\"@type\":\"ListItem\",\"position\":2,\"name\":\"Mentions l\u00e9gales et politique de confidentialit\u00e9\"}]},{\"@type\":\"WebSite\",\"@id\":\"https:\\\/\\\/bike-bus.com\\\/#website\",\"url\":\"https:\\\/\\\/bike-bus.com\\\/\",\"name\":\"Bike Bus\",\"description\":\"Location de v\u00e9los \u00e0 Sarlat - Dordogne P\u00e9rigord\",\"potentialAction\":[{\"@type\":\"SearchAction\",\"target\":{\"@type\":\"EntryPoint\",\"urlTemplate\":\"https:\\\/\\\/bike-bus.com\\\/?s={search_term_string}\"},\"query-input\":{\"@type\":\"PropertyValueSpecification\",\"valueRequired\":true,\"valueName\":\"search_term_string\"}}],\"inLanguage\":\"en-US\"}]}<\/script>\n<!-- \/ Yoast SEO plugin. -->","yoast_head_json":{"title":"Mentions l\u00e9gales et politique de confidentialit\u00e9 - Bike Bus","robots":{"index":"index","follow":"follow","max-snippet":"max-snippet:-1","max-image-preview":"max-image-preview:large","max-video-preview":"max-video-preview:-1"},"canonical":"https:\/\/bike-bus.com\/en\/mentions-legales\/","og_locale":"en_US","og_type":"article","og_title":"Mentions l\u00e9gales et politique de confidentialit\u00e9 - Bike Bus","og_url":"https:\/\/bike-bus.com\/en\/mentions-legales\/","og_site_name":"Bike Bus","article_modified_time":"2023-10-17T13:41:53+00:00","twitter_card":"summary_large_image","twitter_misc":{"Est. reading time":"5 minutes"},"schema":{"@context":"https:\/\/schema.org","@graph":[{"@type":"WebPage","@id":"https:\/\/bike-bus.com\/en\/mentions-legales\/","url":"https:\/\/bike-bus.com\/en\/mentions-legales\/","name":"Mentions l\u00e9gales et politique de confidentialit\u00e9 - Bike Bus","isPartOf":{"@id":"https:\/\/bike-bus.com\/#website"},"datePublished":"2019-02-20T08:32:41+00:00","dateModified":"2023-10-17T13:41:53+00:00","breadcrumb":{"@id":"https:\/\/bike-bus.com\/en\/mentions-legales\/#breadcrumb"},"inLanguage":"en-US","potentialAction":[{"@type":"ReadAction","target":["https:\/\/bike-bus.com\/en\/mentions-legales\/"]}]},{"@type":"BreadcrumbList","@id":"https:\/\/bike-bus.com\/en\/mentions-legales\/#breadcrumb","itemListElement":[{"@type":"ListItem","position":1,"name":"Accueil","item":"https:\/\/bike-bus.com\/en\/home\/"},{"@type":"ListItem","position":2,"name":"Mentions l\u00e9gales et politique de confidentialit\u00e9"}]},{"@type":"WebSite","@id":"https:\/\/bike-bus.com\/#website","url":"https:\/\/bike-bus.com\/","name":"Bike Bus","description":"Location de v\u00e9los \u00e0 Sarlat - Dordogne P\u00e9rigord","potentialAction":[{"@type":"SearchAction","target":{"@type":"EntryPoint","urlTemplate":"https:\/\/bike-bus.com\/?s={search_term_string}"},"query-input":{"@type":"PropertyValueSpecification","valueRequired":true,"valueName":"search_term_string"}}],"inLanguage":"en-US"}]}},"_links":{"self":[{"href":"https:\/\/bike-bus.com\/en\/wp-json\/wp\/v2\/pages\/8538","targetHints":{"allow":["GET"]}}],"collection":[{"href":"https:\/\/bike-bus.com\/en\/wp-json\/wp\/v2\/pages"}],"about":[{"href":"https:\/\/bike-bus.com\/en\/wp-json\/wp\/v2\/types\/page"}],"author":[{"embeddable":true,"href":"https:\/\/bike-bus.com\/en\/wp-json\/wp\/v2\/users\/2"}],"replies":[{"embeddable":true,"href":"https:\/\/bike-bus.com\/en\/wp-json\/wp\/v2\/comments?post=8538"}],"version-history":[{"count":0,"href":"https:\/\/bike-bus.com\/en\/wp-json\/wp\/v2\/pages\/8538\/revisions"}],"wp:attachment":[{"href":"https:\/\/bike-bus.com\/en\/wp-json\/wp\/v2\/media?parent=8538"}],"curies":[{"name":"wp","href":"https:\/\/api.w.org\/{rel}","templated":true}]}}